{"id":74,"date":"2025-05-14T06:31:31","date_gmt":"2025-05-14T06:31:31","guid":{"rendered":"http:\/\/xn--yogazentrum-nrnberg-ibc.de\/?page_id=74"},"modified":"2026-02-25T13:46:12","modified_gmt":"2026-02-25T13:46:12","slug":"preise","status":"publish","type":"page","link":"https:\/\/xn--yogazentrum-nrnberg-ibc.de\/?page_id=74","title":{"rendered":"Konditionen"},"content":{"rendered":"<p>Eine Unterrichtsstunde dauert 90 Minuten.<br \/>\nDie Kursgeb\u00fchr (10 x 90 Minuten) betr\u00e4gt 150,- \u20ac,<br \/>\nf\u00fcr Mitglieder 130,- \u20ac<br \/>\nDie Mitgliedschaft im Verein betr\u00e4gt 40,- \u20ac pro Jahr.<br \/>\nHier k\u00f6nnen Sie die <a href=\"http:\/\/xn--yogazentrum-nrnberg-ibc.de\/?page_id=335\" target=\"_blank\" rel=\"noopener noreferrer\">Beitrittserkl\u00e4rung<\/a> zum Verein herunterladen.<\/p>\n<p>Schnupperstunden berechnen wir mit 15,- \u20ac (bitte in bar zur Schnupperstunde mitbringen).<\/p>\n<p>Jede und Jeder \u00fcbt in Selbstverantwortung.<\/p>\n<p>\u00dcber Spenden freuen wir uns sehr und diese k\u00f6nnen f\u00fcr die Steuererkl\u00e4rung best\u00e4tigt werden,<br \/>\nda das <b><a href=\"http:\/\/xn--yogazentrum-nrnberg-ibc.de\/?page_id=325\">Yoga-Zentrum N\u00fcrnberg e. V.<\/a> als gemeinn\u00fctzig anerkannt ist<\/b>.<\/p>\n<p><b>Bankverbindung<br \/>\n<\/b>Yogazentrum N\u00fcrnberg e.V.<br \/>\nVR Bank N\u00fcrnberg<br \/>\nIBAN DE30 7606 9559 0002 9749 40<\/p>\n","protected":false},"excerpt":{"rendered":"<p>Eine Unterrichtsstunde dauert 90 Minuten. Die Kursgeb\u00fchr (10 x 90 Minuten) betr\u00e4gt 150,- \u20ac, f\u00fcr Mitglieder 130,- \u20ac Die Mitgliedschaft im Verein betr\u00e4gt 40,- \u20ac pro Jahr. Hier k\u00f6nnen Sie die Beitrittserkl\u00e4rung zum Verein herunterladen. Schnupperstunden berechnen wir mit 15,- \u20ac (bitte in bar zur Schnupperstunde mitbringen). Jede und Jeder \u00fcbt in Selbstverantwortung. \u00dcber Spenden freuen wir uns sehr und diese k\u00f6nnen f\u00fcr die Steuererkl\u00e4rung best\u00e4tigt werden, da das Yoga-Zentrum N\u00fcrnberg e. V. als gemeinn\u00fctzig anerkannt ist. Bankverbindung Yogazentrum N\u00fcrnberg e.V. VR Bank N\u00fcrnberg IBAN DE30 7606 9559 0002 9749 40<\/p>\n","protected":false},"author":1,"featured_media":0,"parent":0,"menu_order":0,"comment_status":"closed","ping_status":"closed","template":"","meta":{"site-sidebar-layout":"default","site-content-layout":"","ast-site-content-layout":"default","site-content-style":"default","site-sidebar-style":"default","ast-global-header-display":"","ast-banner-title-visibility":"","ast-main-header-display":"","ast-hfb-above-header-display":"","ast-hfb-below-header-display":"","ast-hfb-mobile-header-display":"","site-post-title":"","ast-breadcrumbs-content":"","ast-featured-img":"","footer-sml-layout":"","theme-transparent-header-meta":"","adv-header-id-meta":"","stick-header-meta":"","header-above-stick-meta":"","header-main-stick-meta":"","header-below-stick-meta":"","astra-migrate-meta-layouts":"default","ast-page-background-enabled":"default","ast-page-background-meta":{"desktop":{"background-color":"var(--ast-global-color-5)","background-image":"","background-repeat":"repeat","background-position":"center center","background-size":"auto","background-attachment":"scroll","background-type":"","background-media":"","overlay-type":"","overlay-color":"","overlay-opacity":"","overlay-gradient":""},"tablet":{"background-color":"","background-image":"","background-repeat":"repeat","background-position":"center center","background-size":"auto","background-attachment":"scroll","background-type":"","background-media":"","overlay-type":"","overlay-color":"","overlay-opacity":"","overlay-gradient":""},"mobile":{"background-color":"","background-image":"","background-repeat":"repeat","background-position":"center center","background-size":"auto","background-attachment":"scroll","background-type":"","background-media":"","overlay-type":"","overlay-color":"","overlay-opacity":"","overlay-gradient":""}},"ast-content-background-meta":{"desktop":{"background-color":"var(--ast-global-color-4)","background-image":"","background-repeat":"repeat","background-position":"center center","background-size":"auto","background-attachment":"scroll","background-type":"","background-media":"","overlay-type":"","overlay-color":"","overlay-opacity":"","overlay-gradient":""},"tablet":{"background-color":"var(--ast-global-color-4)","background-image":"","background-repeat":"repeat","background-position":"center center","background-size":"auto","background-attachment":"scroll","background-type":"","background-media":"","overlay-type":"","overlay-color":"","overlay-opacity":"","overlay-gradient":""},"mobile":{"background-color":"var(--ast-global-color-4)","background-image":"","background-repeat":"repeat","background-position":"center center","background-size":"auto","background-attachment":"scroll","background-type":"","background-media":"","overlay-type":"","overlay-color":"","overlay-opacity":"","overlay-gradient":""}},"footnotes":""},"class_list":["post-74","page","type-page","status-publish","hentry"],"_links":{"self":[{"href":"https:\/\/xn--yogazentrum-nrnberg-ibc.de\/index.php?rest_route=\/wp\/v2\/pages\/74","targetHints":{"allow":["GET"]}}],"collection":[{"href":"https:\/\/xn--yogazentrum-nrnberg-ibc.de\/index.php?rest_route=\/wp\/v2\/pages"}],"about":[{"href":"https:\/\/xn--yogazentrum-nrnberg-ibc.de\/index.php?rest_route=\/wp\/v2\/types\/page"}],"author":[{"embeddable":true,"href":"https:\/\/xn--yogazentrum-nrnberg-ibc.de\/index.php?rest_route=\/wp\/v2\/users\/1"}],"replies":[{"embeddable":true,"href":"https:\/\/xn--yogazentrum-nrnberg-ibc.de\/index.php?rest_route=%2Fwp%2Fv2%2Fcomments&post=74"}],"version-history":[{"count":14,"href":"https:\/\/xn--yogazentrum-nrnberg-ibc.de\/index.php?rest_route=\/wp\/v2\/pages\/74\/revisions"}],"predecessor-version":[{"id":2199,"href":"https:\/\/xn--yogazentrum-nrnberg-ibc.de\/index.php?rest_route=\/wp\/v2\/pages\/74\/revisions\/2199"}],"wp:attachment":[{"href":"https:\/\/xn--yogazentrum-nrnberg-ibc.de\/index.php?rest_route=%2Fwp%2Fv2%2Fmedia&parent=74"}],"curies":[{"name":"wp","href":"https:\/\/api.w.org\/{rel}","templated":true}]}}