{"id":289,"date":"2025-11-23T09:47:25","date_gmt":"2025-11-23T09:47:25","guid":{"rendered":"http:\/\/xn--yogazentrum-nrnberg-ibc.de\/?page_id=289"},"modified":"2025-11-23T09:47:25","modified_gmt":"2025-11-23T09:47:25","slug":"impressum","status":"publish","type":"page","link":"https:\/\/xn--yogazentrum-nrnberg-ibc.de\/?page_id=289","title":{"rendered":"Impressum"},"content":{"rendered":"<div class=\"std_text_oberhalb\">\n<h4>Verantwortlich f\u00fcr den Inhalt und Gestaltung<\/h4>\n<p><strong>Yoga-Zentrum N\u00fcrnberg e. V.<\/strong><br \/>\nRosenaustra\u00dfe 9<br \/>\n90429 N\u00fcrnberg<\/p>\n<p>Tel.: 0911\/2875841<br \/>\nVereinsregister N\u00fcrnberg: VR 2291<\/p>\n<p><strong>Gesch\u00e4ftsf\u00fchrende Vorst\u00e4ndin: Auguste Guthseel<\/strong><br \/>\n1. stellvertretende Vorsitzende: Silke Mages<br \/>\nGerichtsstand: N\u00fcrnberg<\/p>\n<p><strong>Erweiterter Vorstand<\/strong><br \/>\nKassenwartin: Ute Blo\u00df<br \/>\nSchriftf\u00fchrerin: Gabriele Kr\u00fcger<\/p>\n<\/div>\n","protected":false},"excerpt":{"rendered":"<p>Verantwortlich f\u00fcr den Inhalt und Gestaltung Yoga-Zentrum N\u00fcrnberg e. V. Rosenaustra\u00dfe 9 90429 N\u00fcrnberg Tel.: 0911\/2875841 Vereinsregister N\u00fcrnberg: VR 2291 Gesch\u00e4ftsf\u00fchrende Vorst\u00e4ndin: Auguste Guthseel 1. stellvertretende Vorsitzende: Silke Mages Gerichtsstand: N\u00fcrnberg Erweiterter Vorstand Kassenwartin: Ute Blo\u00df Schriftf\u00fchrerin: Gabriele Kr\u00fcger<\/p>\n","protected":false},"author":1,"featured_media":0,"parent":0,"menu_order":0,"comment_status":"closed","ping_status":"closed","template":"","meta":{"site-sidebar-layout":"default","site-content-layout":"","ast-site-content-layout":"default","site-content-style":"default","site-sidebar-style":"default","ast-global-header-display":"","ast-banner-title-visibility":"","ast-main-header-display":"","ast-hfb-above-header-display":"","ast-hfb-below-header-display":"","ast-hfb-mobile-header-display":"","site-post-title":"","ast-breadcrumbs-content":"","ast-featured-img":"","footer-sml-layout":"","theme-transparent-header-meta":"","adv-header-id-meta":"","stick-header-meta":"","header-above-stick-meta":"","header-main-stick-meta":"","header-below-stick-meta":"","astra-migrate-meta-layouts":"default","ast-page-background-enabled":"default","ast-page-background-meta":{"desktop":{"background-color":"var(--ast-global-color-5)","background-image":"","background-repeat":"repeat","background-position":"center center","background-size":"auto","background-attachment":"scroll","background-type":"","background-media":"","overlay-type":"","overlay-color":"","overlay-opacity":"","overlay-gradient":""},"tablet":{"background-color":"","background-image":"","background-repeat":"repeat","background-position":"center center","background-size":"auto","background-attachment":"scroll","background-type":"","background-media":"","overlay-type":"","overlay-color":"","overlay-opacity":"","overlay-gradient":""},"mobile":{"background-color":"","background-image":"","background-repeat":"repeat","background-position":"center center","background-size":"auto","background-attachment":"scroll","background-type":"","background-media":"","overlay-type":"","overlay-color":"","overlay-opacity":"","overlay-gradient":""}},"ast-content-background-meta":{"desktop":{"background-color":"var(--ast-global-color-4)","background-image":"","background-repeat":"repeat","background-position":"center center","background-size":"auto","background-attachment":"scroll","background-type":"","background-media":"","overlay-type":"","overlay-color":"","overlay-opacity":"","overlay-gradient":""},"tablet":{"background-color":"var(--ast-global-color-4)","background-image":"","background-repeat":"repeat","background-position":"center center","background-size":"auto","background-attachment":"scroll","background-type":"","background-media":"","overlay-type":"","overlay-color":"","overlay-opacity":"","overlay-gradient":""},"mobile":{"background-color":"var(--ast-global-color-4)","background-image":"","background-repeat":"repeat","background-position":"center center","background-size":"auto","background-attachment":"scroll","background-type":"","background-media":"","overlay-type":"","overlay-color":"","overlay-opacity":"","overlay-gradient":""}},"footnotes":""},"class_list":["post-289","page","type-page","status-publish","hentry"],"_links":{"self":[{"href":"https:\/\/xn--yogazentrum-nrnberg-ibc.de\/index.php?rest_route=\/wp\/v2\/pages\/289","targetHints":{"allow":["GET"]}}],"collection":[{"href":"https:\/\/xn--yogazentrum-nrnberg-ibc.de\/index.php?rest_route=\/wp\/v2\/pages"}],"about":[{"href":"https:\/\/xn--yogazentrum-nrnberg-ibc.de\/index.php?rest_route=\/wp\/v2\/types\/page"}],"author":[{"embeddable":true,"href":"https:\/\/xn--yogazentrum-nrnberg-ibc.de\/index.php?rest_route=\/wp\/v2\/users\/1"}],"replies":[{"embeddable":true,"href":"https:\/\/xn--yogazentrum-nrnberg-ibc.de\/index.php?rest_route=%2Fwp%2Fv2%2Fcomments&post=289"}],"version-history":[{"count":12,"href":"https:\/\/xn--yogazentrum-nrnberg-ibc.de\/index.php?rest_route=\/wp\/v2\/pages\/289\/revisions"}],"predecessor-version":[{"id":2060,"href":"https:\/\/xn--yogazentrum-nrnberg-ibc.de\/index.php?rest_route=\/wp\/v2\/pages\/289\/revisions\/2060"}],"wp:attachment":[{"href":"https:\/\/xn--yogazentrum-nrnberg-ibc.de\/index.php?rest_route=%2Fwp%2Fv2%2Fmedia&parent=289"}],"curies":[{"name":"wp","href":"https:\/\/api.w.org\/{rel}","templated":true}]}}