{"id":1985,"date":"2025-10-17T14:48:26","date_gmt":"2025-10-17T14:48:26","guid":{"rendered":"http:\/\/xn--yogazentrum-nrnberg-ibc.de\/?page_id=1985"},"modified":"2026-03-06T14:38:22","modified_gmt":"2026-03-06T14:38:22","slug":"start","status":"publish","type":"page","link":"https:\/\/xn--yogazentrum-nrnberg-ibc.de\/","title":{"rendered":"Start"},"content":{"rendered":"\t\t<div data-elementor-type=\"wp-page\" data-elementor-id=\"1985\" class=\"elementor elementor-1985\">\n\t\t\t\t<div class=\"elementor-element elementor-element-4a3bad3 e-con-full e-flex wpr-particle-no wpr-jarallax-no wpr-parallax-no wpr-sticky-section-no wpr-equal-height-no e-con e-parent\" data-id=\"4a3bad3\" data-element_type=\"container\" data-e-type=\"container\">\n\t\t\t\t<div class=\"elementor-element elementor-element-a61a55d elementor-widget__width-initial elementor-widget-mobile__width-initial elementor-widget elementor-widget-image\" data-id=\"a61a55d\" data-element_type=\"widget\" data-e-type=\"widget\" data-widget_type=\"image.default\">\n\t\t\t\t\t\t\t\t\t\t\t\t\t\t\t<img fetchpriority=\"high\" decoding=\"async\" width=\"1024\" height=\"341\" src=\"http:\/\/xn--yogazentrum-nrnberg-ibc.de\/wp-content\/uploads\/2025\/10\/cropped-Yoga-Zentrum-026-kleiner-1024x341.png\" class=\"attachment-large size-large wp-image-1928\" alt=\"\" srcset=\"http:\/\/xn--yogazentrum-nrnberg-ibc.de\/wp-content\/uploads\/2025\/10\/cropped-Yoga-Zentrum-026-kleiner-1024x341.png 1024w, http:\/\/xn--yogazentrum-nrnberg-ibc.de\/wp-content\/uploads\/2025\/10\/cropped-Yoga-Zentrum-026-kleiner-300x100.png 300w, http:\/\/xn--yogazentrum-nrnberg-ibc.de\/wp-content\/uploads\/2025\/10\/cropped-Yoga-Zentrum-026-kleiner-768x256.png 768w, http:\/\/xn--yogazentrum-nrnberg-ibc.de\/wp-content\/uploads\/2025\/10\/cropped-Yoga-Zentrum-026-kleiner-1536x512.png 1536w, http:\/\/xn--yogazentrum-nrnberg-ibc.de\/wp-content\/uploads\/2025\/10\/cropped-Yoga-Zentrum-026-kleiner.png 1920w\" sizes=\"(max-width: 1024px) 100vw, 1024px\" \/>\t\t\t\t\t\t\t\t\t\t\t\t\t\t\t<\/div>\n\t\t<div class=\"elementor-element elementor-element-d1ddf0b e-con-full e-flex wpr-particle-no wpr-jarallax-no wpr-parallax-no wpr-sticky-section-no wpr-equal-height-no e-con e-child\" data-id=\"d1ddf0b\" data-element_type=\"container\" data-e-type=\"container\">\n\t\t<div class=\"elementor-element elementor-element-136b202 e-con-full e-flex wpr-particle-no wpr-jarallax-no wpr-parallax-no wpr-sticky-section-no wpr-equal-height-no e-con e-child\" data-id=\"136b202\" data-element_type=\"container\" data-e-type=\"container\">\n\t\t\t\t<div class=\"elementor-element elementor-element-ddd936f elementor-widget__width-initial elementor-widget elementor-widget-heading\" data-id=\"ddd936f\" data-element_type=\"widget\" data-e-type=\"widget\" data-widget_type=\"heading.default\">\n\t\t\t\t\t<h1 class=\"elementor-heading-title elementor-size-default\">Willkommen im \nYoga-Zentrum N\u00fcrnberg <\/h1>\t\t\t\t<\/div>\n\t\t\t\t<div class=\"elementor-element elementor-element-7ea1465 elementor-widget__width-initial elementor-widget elementor-widget-heading\" data-id=\"7ea1465\" data-element_type=\"widget\" data-e-type=\"widget\" data-widget_type=\"heading.default\">\n\t\t\t\t\t<h2 class=\"elementor-heading-title elementor-size-default\">Dein Raum f\u00fcr Balance, <br> Kraft und innere Ruhe<\/h2>\t\t\t\t<\/div>\n\t\t\t\t<\/div>\n\t\t\t\t<\/div>\n\t\t\t\t<\/div>\n\t\t<div class=\"elementor-element elementor-element-8fd6067 e-con-full e-flex wpr-particle-no wpr-jarallax-no wpr-parallax-no wpr-sticky-section-no wpr-equal-height-no e-con e-parent\" data-id=\"8fd6067\" data-element_type=\"container\" data-e-type=\"container\">\n\t\t<div class=\"elementor-element elementor-element-bf20c6c e-con-full e-flex wpr-particle-no wpr-jarallax-no wpr-parallax-no wpr-sticky-section-no wpr-equal-height-no e-con e-child\" data-id=\"bf20c6c\" data-element_type=\"container\" data-e-type=\"container\">\n\t\t\t\t<div class=\"elementor-element elementor-element-d00b85c elementor-widget__width-initial elementor-widget-tablet__width-initial elementor-widget-mobile__width-inherit elementor-widget elementor-widget-text-editor\" data-id=\"d00b85c\" data-element_type=\"widget\" data-e-type=\"widget\" data-widget_type=\"text-editor.default\">\n\t\t\t\t\t\t\t\t\t<p>Tritt ein in eine Welt der Achtsamkeit, in der Du ganz bei Dir ankommen darfst. Ob Du Deine ersten Atemz\u00fcge auf der Yogamatte wagst oder Deine Praxis vertiefen m\u00f6chtest \u2013 unser vielf\u00e4ltiges Angebot l\u00e4dt Dich ein, Yoga auf Deine ganz pers\u00f6nliche Weise zu erleben.<br \/>Von kraftvoller bis hin zu regenerativer und Yin-Yogapraxis, von Kursen \u00fcber mehrere Wochen bis zu Kompaktkursen von wenigen Tagen findest Du spezielle Kurse f\u00fcr M\u00e4nner, Menschen ab 70 und pflegende Angeh\u00f6rige \u2013 bei uns findest Du Raum f\u00fcr K\u00f6rper, Geist und Seele.<\/p><p>Erg\u00e4nzt durch Meditation, Fastenkurse, Pranayama-Kurse und individuelle Begleitung schaffen wir ein ganzheitliches Angebot, das Dich auf Deinem Weg unterst\u00fctzt \u2013 achtsam, liebevoll und professionell.<\/p><p><b>Komm vorbei und entdecke, was Yoga f\u00fcr Dich bedeuten kann.<\/b><br \/>Dein Weg beginnt hier.<\/p>\t\t\t\t\t\t\t\t<\/div>\n\t\t\t\t<\/div>\n\t\t<div class=\"elementor-element elementor-element-e9b2593 e-con-full e-flex wpr-particle-no wpr-jarallax-no wpr-parallax-no wpr-sticky-section-no wpr-equal-height-no e-con e-child\" data-id=\"e9b2593\" data-element_type=\"container\" data-e-type=\"container\">\n\t\t\t\t<div class=\"elementor-element elementor-element-e7cefc1 elementor-widget__width-initial elementor-widget elementor-widget-image\" data-id=\"e7cefc1\" data-element_type=\"widget\" data-e-type=\"widget\" data-widget_type=\"image.default\">\n\t\t\t\t\t\t\t\t\t\t\t\t\t\t\t<img decoding=\"async\" width=\"768\" height=\"1075\" src=\"http:\/\/xn--yogazentrum-nrnberg-ibc.de\/wp-content\/uploads\/2025\/10\/Yoga-Zentrum-054-768x1075.png\" class=\"attachment-medium_large size-medium_large wp-image-1989\" alt=\"\" srcset=\"http:\/\/xn--yogazentrum-nrnberg-ibc.de\/wp-content\/uploads\/2025\/10\/Yoga-Zentrum-054-768x1075.png 768w, http:\/\/xn--yogazentrum-nrnberg-ibc.de\/wp-content\/uploads\/2025\/10\/Yoga-Zentrum-054-214x300.png 214w, http:\/\/xn--yogazentrum-nrnberg-ibc.de\/wp-content\/uploads\/2025\/10\/Yoga-Zentrum-054-731x1024.png 731w, http:\/\/xn--yogazentrum-nrnberg-ibc.de\/wp-content\/uploads\/2025\/10\/Yoga-Zentrum-054-1097x1536.png 1097w, http:\/\/xn--yogazentrum-nrnberg-ibc.de\/wp-content\/uploads\/2025\/10\/Yoga-Zentrum-054-1463x2048.png 1463w, http:\/\/xn--yogazentrum-nrnberg-ibc.de\/wp-content\/uploads\/2025\/10\/Yoga-Zentrum-054-scaled.png 1828w\" sizes=\"(max-width: 768px) 100vw, 768px\" \/>\t\t\t\t\t\t\t\t\t\t\t\t\t\t\t<\/div>\n\t\t\t\t<\/div>\n\t\t\t\t<\/div>\n\t\t\t\t<\/div>\n\t\t","protected":false},"excerpt":{"rendered":"<p>Willkommen im Yoga-Zentrum N\u00fcrnberg Dein Raum f\u00fcr Balance, Kraft und innere Ruhe Tritt ein in eine Welt der Achtsamkeit, in der Du ganz bei Dir ankommen darfst. Ob Du Deine ersten Atemz\u00fcge auf der Yogamatte wagst oder Deine Praxis vertiefen m\u00f6chtest \u2013 unser vielf\u00e4ltiges Angebot l\u00e4dt Dich ein, Yoga auf Deine ganz pers\u00f6nliche Weise zu erleben.Von kraftvoller bis hin zu regenerativer und Yin-Yogapraxis, von Kursen \u00fcber mehrere Wochen bis zu Kompaktkursen von wenigen Tagen findest Du spezielle Kurse f\u00fcr M\u00e4nner, Menschen ab 70 und pflegende Angeh\u00f6rige \u2013 bei uns findest Du Raum f\u00fcr K\u00f6rper, Geist und Seele. Erg\u00e4nzt durch Meditation, Fastenkurse, Pranayama-Kurse und individuelle Begleitung schaffen wir ein ganzheitliches Angebot, das Dich auf Deinem Weg unterst\u00fctzt \u2013 achtsam, liebevoll und professionell. Komm vorbei und entdecke, was Yoga f\u00fcr Dich bedeuten kann.Dein Weg beginnt hier.<\/p>\n","protected":false},"author":1,"featured_media":0,"parent":0,"menu_order":0,"comment_status":"closed","ping_status":"closed","template":"","meta":{"site-sidebar-layout":"no-sidebar","site-content-layout":"","ast-site-content-layout":"full-width-container","site-content-style":"default","site-sidebar-style":"default","ast-global-header-display":"","ast-banner-title-visibility":"","ast-main-header-display":"","ast-hfb-above-header-display":"","ast-hfb-below-header-display":"","ast-hfb-mobile-header-display":"","site-post-title":"disabled","ast-breadcrumbs-content":"","ast-featured-img":"disabled","footer-sml-layout":"","theme-transparent-header-meta":"","adv-header-id-meta":"","stick-header-meta":"","header-above-stick-meta":"","header-main-stick-meta":"","header-below-stick-meta":"","astra-migrate-meta-layouts":"default","ast-page-background-enabled":"default","ast-page-background-meta":{"desktop":{"background-color":"var(--ast-global-color-5)","background-image":"","background-repeat":"repeat","background-position":"center center","background-size":"auto","background-attachment":"scroll","background-type":"","background-media":"","overlay-type":"","overlay-color":"","overlay-opacity":"","overlay-gradient":""},"tablet":{"background-color":"","background-image":"","background-repeat":"repeat","background-position":"center center","background-size":"auto","background-attachment":"scroll","background-type":"","background-media":"","overlay-type":"","overlay-color":"","overlay-opacity":"","overlay-gradient":""},"mobile":{"background-color":"","background-image":"","background-repeat":"repeat","background-position":"center center","background-size":"auto","background-attachment":"scroll","background-type":"","background-media":"","overlay-type":"","overlay-color":"","overlay-opacity":"","overlay-gradient":""}},"ast-content-background-meta":{"desktop":{"background-color":"var(--ast-global-color-4)","background-image":"","background-repeat":"repeat","background-position":"center center","background-size":"auto","background-attachment":"scroll","background-type":"","background-media":"","overlay-type":"","overlay-color":"","overlay-opacity":"","overlay-gradient":""},"tablet":{"background-color":"var(--ast-global-color-4)","background-image":"","background-repeat":"repeat","background-position":"center center","background-size":"auto","background-attachment":"scroll","background-type":"","background-media":"","overlay-type":"","overlay-color":"","overlay-opacity":"","overlay-gradient":""},"mobile":{"background-color":"var(--ast-global-color-4)","background-image":"","background-repeat":"repeat","background-position":"center center","background-size":"auto","background-attachment":"scroll","background-type":"","background-media":"","overlay-type":"","overlay-color":"","overlay-opacity":"","overlay-gradient":""}},"footnotes":""},"class_list":["post-1985","page","type-page","status-publish","hentry"],"_links":{"self":[{"href":"https:\/\/xn--yogazentrum-nrnberg-ibc.de\/index.php?rest_route=\/wp\/v2\/pages\/1985","targetHints":{"allow":["GET"]}}],"collection":[{"href":"https:\/\/xn--yogazentrum-nrnberg-ibc.de\/index.php?rest_route=\/wp\/v2\/pages"}],"about":[{"href":"https:\/\/xn--yogazentrum-nrnberg-ibc.de\/index.php?rest_route=\/wp\/v2\/types\/page"}],"author":[{"embeddable":true,"href":"https:\/\/xn--yogazentrum-nrnberg-ibc.de\/index.php?rest_route=\/wp\/v2\/users\/1"}],"replies":[{"embeddable":true,"href":"https:\/\/xn--yogazentrum-nrnberg-ibc.de\/index.php?rest_route=%2Fwp%2Fv2%2Fcomments&post=1985"}],"version-history":[{"count":19,"href":"https:\/\/xn--yogazentrum-nrnberg-ibc.de\/index.php?rest_route=\/wp\/v2\/pages\/1985\/revisions"}],"predecessor-version":[{"id":2261,"href":"https:\/\/xn--yogazentrum-nrnberg-ibc.de\/index.php?rest_route=\/wp\/v2\/pages\/1985\/revisions\/2261"}],"wp:attachment":[{"href":"https:\/\/xn--yogazentrum-nrnberg-ibc.de\/index.php?rest_route=%2Fwp%2Fv2%2Fmedia&parent=1985"}],"curies":[{"name":"wp","href":"https:\/\/api.w.org\/{rel}","templated":true}]}}