{"id":71,"date":"2022-12-22T14:43:51","date_gmt":"2022-12-22T14:43:51","guid":{"rendered":"http:\/\/xn--yogazentrum-nrnberg-ibc.de\/?page_id=71"},"modified":"2025-10-08T15:33:30","modified_gmt":"2025-10-08T15:33:30","slug":"anmeldung","status":"publish","type":"page","link":"http:\/\/xn--yogazentrum-nrnberg-ibc.de\/?page_id=71","title":{"rendered":"Kontakt, Anmeldung"},"content":{"rendered":"\t\t<div data-elementor-type=\"wp-page\" data-elementor-id=\"71\" class=\"elementor elementor-71\">\n\t\t\t\t<div class=\"elementor-element elementor-element-095bac4 e-con-full e-flex wpr-particle-no wpr-jarallax-no wpr-parallax-no wpr-sticky-section-no wpr-equal-height-no e-con e-parent\" data-id=\"095bac4\" data-element_type=\"container\" data-e-type=\"container\">\n\t\t\t\t<div class=\"elementor-element elementor-element-ed61396 elementor-widget__width-initial elementor-widget-mobile__width-initial elementor-widget elementor-widget-image\" data-id=\"ed61396\" data-element_type=\"widget\" data-e-type=\"widget\" data-widget_type=\"image.default\">\n\t\t\t\t\t\t\t\t\t\t\t\t\t\t\t<img fetchpriority=\"high\" decoding=\"async\" width=\"768\" height=\"1026\" src=\"http:\/\/xn--yogazentrum-nrnberg-ibc.de\/wp-content\/uploads\/2025\/10\/eingang-Yogazentrum-e1759935041694-768x1026.png\" class=\"attachment-medium_large size-medium_large wp-image-1934\" alt=\"\" srcset=\"http:\/\/xn--yogazentrum-nrnberg-ibc.de\/wp-content\/uploads\/2025\/10\/eingang-Yogazentrum-e1759935041694-768x1026.png 768w, http:\/\/xn--yogazentrum-nrnberg-ibc.de\/wp-content\/uploads\/2025\/10\/eingang-Yogazentrum-e1759935041694-224x300.png 224w, http:\/\/xn--yogazentrum-nrnberg-ibc.de\/wp-content\/uploads\/2025\/10\/eingang-Yogazentrum-e1759935041694-766x1024.png 766w, http:\/\/xn--yogazentrum-nrnberg-ibc.de\/wp-content\/uploads\/2025\/10\/eingang-Yogazentrum-e1759935041694.png 1085w\" sizes=\"(max-width: 768px) 100vw, 768px\" \/>\t\t\t\t\t\t\t\t\t\t\t\t\t\t\t<\/div>\n\t\t<div class=\"elementor-element elementor-element-72dc62c e-con-full e-flex wpr-particle-no wpr-jarallax-no wpr-parallax-no wpr-sticky-section-no wpr-equal-height-no e-con e-child\" data-id=\"72dc62c\" data-element_type=\"container\" data-e-type=\"container\">\n\t\t\t\t<div class=\"elementor-element elementor-element-6c672f3f elementor-widget__width-initial elementor-widget elementor-widget-text-editor\" data-id=\"6c672f3f\" data-element_type=\"widget\" data-e-type=\"widget\" data-widget_type=\"text-editor.default\">\n\t\t\t\t\t\t\t\t\t<p>Wir beraten Sie gerne pers\u00f6nlich und geben Auskunft \u00fcber freie Pl\u00e4tze:<\/p><p>B\u00fcro des Yoga-Zentrums N\u00fcrnberg e.V.<\/p><p><b>(09 11) 28 75 841<br \/><\/b><a href=\"mailto:info@yoga-zentrum-nbg.de\"><b>info@yoga-zentrum-nbg.de<\/b><\/a><\/p><p>Schreibt einfach eine E-Mail mit eurem Wunschkurs \u00a0an uns.<\/p><p>Falls ihr absolute Neulinge seid oder gerne mehr \u00fcber die Lehrer wissen wollt, schreibt eine Mail mit eurer Telefonnummer.<\/p><p>Gerne bieten wir euch eine Schnupperstunde f\u00fcr 15,&#8211; Euro an, meldet euch bitte hierf\u00fcr in unserem B\u00fcro an.<\/p><p><b>Bankverbindung<br \/><\/b>Yoga-Zentrum N\u00fcrnberg e.V.<br \/>VR N\u00fcrnberg<br \/>IBAN DE30 7606 9559 0002 9749 40<b><br \/><\/b><\/p>\t\t\t\t\t\t\t\t<\/div>\n\t\t\t\t<\/div>\n\t\t\t\t<\/div>\n\t\t<div class=\"elementor-element elementor-element-b91d08e e-con-full e-flex wpr-particle-no wpr-jarallax-no wpr-parallax-no wpr-sticky-section-no wpr-equal-height-no e-con e-parent\" data-id=\"b91d08e\" data-element_type=\"container\" data-e-type=\"container\">\n\t\t\t\t<div class=\"elementor-element elementor-element-2a1c276 elementor-widget__width-initial elementor-widget-mobile__width-initial elementor-widget elementor-widget-google_maps\" data-id=\"2a1c276\" data-element_type=\"widget\" data-e-type=\"widget\" data-widget_type=\"google_maps.default\">\n\t\t\t\t\t\t\t<div class=\"elementor-custom-embed\">\n\t\t\t<iframe loading=\"lazy\"\n\t\t\t\t\tsrc=\"https:\/\/maps.google.com\/maps?q=Rosenaustra%C3%9Fe%209%2C%2090429%20N%C3%BCrnberg&#038;t=m&#038;z=15&#038;output=embed&#038;iwloc=near\"\n\t\t\t\t\ttitle=\"Rosenaustra\u00dfe 9, 90429 N\u00fcrnberg\"\n\t\t\t\t\taria-label=\"Rosenaustra\u00dfe 9, 90429 N\u00fcrnberg\"\n\t\t\t><\/iframe>\n\t\t<\/div>\n\t\t\t\t\t\t<\/div>\n\t\t\t\t<\/div>\n\t\t\t\t<\/div>\n\t\t","protected":false},"excerpt":{"rendered":"<p>Wir beraten Sie gerne pers\u00f6nlich und geben Auskunft \u00fcber freie Pl\u00e4tze: B\u00fcro des Yoga-Zentrums N\u00fcrnberg e.V. (09 11) 28 75 841info@yoga-zentrum-nbg.de Schreibt einfach eine E-Mail mit eurem Wunschkurs \u00a0an uns. Falls ihr absolute Neulinge seid oder gerne mehr \u00fcber die Lehrer wissen wollt, schreibt eine Mail mit eurer Telefonnummer. Gerne bieten wir euch eine Schnupperstunde f\u00fcr 15,&#8211; Euro an, meldet euch bitte hierf\u00fcr in unserem B\u00fcro an. BankverbindungYoga-Zentrum N\u00fcrnberg e.V.VR N\u00fcrnbergIBAN DE30 7606 9559 0002 9749 40<\/p>\n","protected":false},"author":1,"featured_media":0,"parent":0,"menu_order":0,"comment_status":"closed","ping_status":"closed","template":"","meta":{"site-sidebar-layout":"default","site-content-layout":"","ast-site-content-layout":"default","site-content-style":"default","site-sidebar-style":"default","ast-global-header-display":"","ast-banner-title-visibility":"","ast-main-header-display":"","ast-hfb-above-header-display":"","ast-hfb-below-header-display":"","ast-hfb-mobile-header-display":"","site-post-title":"","ast-breadcrumbs-content":"","ast-featured-img":"","footer-sml-layout":"","theme-transparent-header-meta":"","adv-header-id-meta":"","stick-header-meta":"","header-above-stick-meta":"","header-main-stick-meta":"","header-below-stick-meta":"","astra-migrate-meta-layouts":"default","ast-page-background-enabled":"default","ast-page-background-meta":{"desktop":{"background-color":"var(--ast-global-color-5)","background-image":"","background-repeat":"repeat","background-position":"center center","background-size":"auto","background-attachment":"scroll","background-type":"","background-media":"","overlay-type":"","overlay-color":"","overlay-opacity":"","overlay-gradient":""},"tablet":{"background-color":"","background-image":"","background-repeat":"repeat","background-position":"center center","background-size":"auto","background-attachment":"scroll","background-type":"","background-media":"","overlay-type":"","overlay-color":"","overlay-opacity":"","overlay-gradient":""},"mobile":{"background-color":"","background-image":"","background-repeat":"repeat","background-position":"center center","background-size":"auto","background-attachment":"scroll","background-type":"","background-media":"","overlay-type":"","overlay-color":"","overlay-opacity":"","overlay-gradient":""}},"ast-content-background-meta":{"desktop":{"background-color":"var(--ast-global-color-4)","background-image":"","background-repeat":"repeat","background-position":"center center","background-size":"auto","background-attachment":"scroll","background-type":"","background-media":"","overlay-type":"","overlay-color":"","overlay-opacity":"","overlay-gradient":""},"tablet":{"background-color":"var(--ast-global-color-4)","background-image":"","background-repeat":"repeat","background-position":"center center","background-size":"auto","background-attachment":"scroll","background-type":"","background-media":"","overlay-type":"","overlay-color":"","overlay-opacity":"","overlay-gradient":""},"mobile":{"background-color":"var(--ast-global-color-4)","background-image":"","background-repeat":"repeat","background-position":"center center","background-size":"auto","background-attachment":"scroll","background-type":"","background-media":"","overlay-type":"","overlay-color":"","overlay-opacity":"","overlay-gradient":""}},"footnotes":""},"class_list":["post-71","page","type-page","status-publish","hentry"],"_links":{"self":[{"href":"http:\/\/xn--yogazentrum-nrnberg-ibc.de\/index.php?rest_route=\/wp\/v2\/pages\/71","targetHints":{"allow":["GET"]}}],"collection":[{"href":"http:\/\/xn--yogazentrum-nrnberg-ibc.de\/index.php?rest_route=\/wp\/v2\/pages"}],"about":[{"href":"http:\/\/xn--yogazentrum-nrnberg-ibc.de\/index.php?rest_route=\/wp\/v2\/types\/page"}],"author":[{"embeddable":true,"href":"http:\/\/xn--yogazentrum-nrnberg-ibc.de\/index.php?rest_route=\/wp\/v2\/users\/1"}],"replies":[{"embeddable":true,"href":"http:\/\/xn--yogazentrum-nrnberg-ibc.de\/index.php?rest_route=%2Fwp%2Fv2%2Fcomments&post=71"}],"version-history":[{"count":29,"href":"http:\/\/xn--yogazentrum-nrnberg-ibc.de\/index.php?rest_route=\/wp\/v2\/pages\/71\/revisions"}],"predecessor-version":[{"id":1974,"href":"http:\/\/xn--yogazentrum-nrnberg-ibc.de\/index.php?rest_route=\/wp\/v2\/pages\/71\/revisions\/1974"}],"wp:attachment":[{"href":"http:\/\/xn--yogazentrum-nrnberg-ibc.de\/index.php?rest_route=%2Fwp%2Fv2%2Fmedia&parent=71"}],"curies":[{"name":"wp","href":"https:\/\/api.w.org\/{rel}","templated":true}]}}