{"id":57,"date":"2025-11-02T14:34:48","date_gmt":"2025-11-02T14:34:48","guid":{"rendered":"http:\/\/xn--yogazentrum-nrnberg-ibc.de\/?page_id=57"},"modified":"2026-02-08T19:32:26","modified_gmt":"2026-02-08T19:32:26","slug":"zusatzangebot","status":"publish","type":"page","link":"http:\/\/xn--yogazentrum-nrnberg-ibc.de\/?page_id=57","title":{"rendered":"Zusatzangebote"},"content":{"rendered":"\t\t<div data-elementor-type=\"wp-page\" data-elementor-id=\"57\" class=\"elementor elementor-57\">\n\t\t\t\t<div class=\"elementor-element elementor-element-259bd58 e-con-full e-flex wpr-particle-no wpr-jarallax-no wpr-parallax-no wpr-sticky-section-no wpr-equal-height-no e-con e-parent\" data-id=\"259bd58\" data-element_type=\"container\" data-e-type=\"container\">\n\t\t\t\t<div class=\"elementor-element elementor-element-699f3f3 elementor-widget elementor-widget-heading\" data-id=\"699f3f3\" data-element_type=\"widget\" data-e-type=\"widget\" data-widget_type=\"heading.default\">\n\t\t\t\t\t<h1 class=\"elementor-heading-title elementor-size-default\">Zusatzangebote im ersten Trimester 2026<\/h1>\t\t\t\t<\/div>\n\t\t\t\t<\/div>\n\t\t<div class=\"elementor-element elementor-element-9acd14b e-con-full e-flex wpr-particle-no wpr-jarallax-no wpr-parallax-no wpr-sticky-section-no wpr-equal-height-no e-con e-parent\" data-id=\"9acd14b\" data-element_type=\"container\" data-e-type=\"container\">\n\t\t\t\t<div class=\"elementor-element elementor-element-7e4cd0b elementor-widget__width-initial elementor-widget elementor-widget-eael-adv-accordion\" data-id=\"7e4cd0b\" data-element_type=\"widget\" data-e-type=\"widget\" data-widget_type=\"eael-adv-accordion.default\">\n\t\t\t\t\t            <div class=\"eael-adv-accordion\" id=\"eael-adv-accordion-7e4cd0b\" data-scroll-on-click=\"no\" data-scroll-speed=\"300\" data-accordion-id=\"7e4cd0b\" data-accordion-type=\"accordion\" data-toogle-speed=\"300\">\n            <div class=\"eael-accordion-list\">\n\t\t\t\t\t<div id=\"specialsausblick-in-den-frhling-mit-silke-mages\" class=\"elementor-tab-title eael-accordion-header\" tabindex=\"0\" data-tab=\"1\" aria-controls=\"elementor-tab-content-1321\"><span class=\"eael-advanced-accordion-icon-closed\"><svg aria-hidden=\"true\" class=\"fa-accordion-icon e-font-icon-svg e-fas-plus\" viewBox=\"0 0 448 512\" xmlns=\"http:\/\/www.w3.org\/2000\/svg\"><path d=\"M416 208H272V64c0-17.67-14.33-32-32-32h-32c-17.67 0-32 14.33-32 32v144H32c-17.67 0-32 14.33-32 32v32c0 17.67 14.33 32 32 32h144v144c0 17.67 14.33 32 32 32h32c17.67 0 32-14.33 32-32V304h144c17.67 0 32-14.33 32-32v-32c0-17.67-14.33-32-32-32z\"><\/path><\/svg><\/span><span class=\"eael-advanced-accordion-icon-opened\"><svg aria-hidden=\"true\" class=\"fa-accordion-icon e-font-icon-svg e-fas-minus\" viewBox=\"0 0 448 512\" xmlns=\"http:\/\/www.w3.org\/2000\/svg\"><path d=\"M416 208H32c-17.67 0-32 14.33-32 32v32c0 17.67 14.33 32 32 32h384c17.67 0 32-14.33 32-32v-32c0-17.67-14.33-32-32-32z\"><\/path><\/svg><\/span><span class=\"eael-accordion-tab-title\">Specials\/Ausblick in den Fr\u00fchling mit Silke Mages<\/span><\/div><div id=\"elementor-tab-content-1321\" class=\"eael-accordion-content clearfix\" data-tab=\"1\" aria-labelledby=\"specialsausblick-in-den-frhling-mit-silke-mages\"><p>An folgenden <strong>Freitagen<\/strong> einmal im Monat um <strong>18.00 \u2013 19.30 Uhr<\/strong><br \/>biete ich dir an, <strong>regeneratives Yoga \/ Yin-Yoga<\/strong> auszuprobieren:<\/p><p><strong>30.01., 27.02., 20.03. und 17.04.<\/strong><\/p><p>Bei Yin-Yoga werden die Haltungen l\u00e4nger und passiv gehalten, damit sich Muskeln und vor allem Faszien entspannen k\u00f6nnen. Wir<br \/>nutzen Hilfsmittel damit die Haltungen wirklich passiv sein k\u00f6nnen.<br \/>Jede und jeder ist herzlich willkommen, egal ob du schon Yoga \u00fcbst oder kletterst, wanderst, weniger oder mehr machst, \u00e4lter oder j\u00fcnger bist..<\/p><p><strong>Anmeldung in unserem B\u00fcro; Euro 15,&#8211; pro Termin,<\/strong><\/p><p>die Events finden im Thevo-Raum, Siegfriedstr. 20 statt<\/p><\/div>\n\t\t\t\t\t<\/div><div class=\"eael-accordion-list\">\n\t\t\t\t\t<div id=\"kompaktkurs-mit-silke-mages\" class=\"elementor-tab-title eael-accordion-header\" tabindex=\"0\" data-tab=\"2\" aria-controls=\"elementor-tab-content-1322\"><span class=\"eael-advanced-accordion-icon-closed\"><svg aria-hidden=\"true\" class=\"fa-accordion-icon e-font-icon-svg e-fas-plus\" viewBox=\"0 0 448 512\" xmlns=\"http:\/\/www.w3.org\/2000\/svg\"><path d=\"M416 208H272V64c0-17.67-14.33-32-32-32h-32c-17.67 0-32 14.33-32 32v144H32c-17.67 0-32 14.33-32 32v32c0 17.67 14.33 32 32 32h144v144c0 17.67 14.33 32 32 32h32c17.67 0 32-14.33 32-32V304h144c17.67 0 32-14.33 32-32v-32c0-17.67-14.33-32-32-32z\"><\/path><\/svg><\/span><span class=\"eael-advanced-accordion-icon-opened\"><svg aria-hidden=\"true\" class=\"fa-accordion-icon e-font-icon-svg e-fas-minus\" viewBox=\"0 0 448 512\" xmlns=\"http:\/\/www.w3.org\/2000\/svg\"><path d=\"M416 208H32c-17.67 0-32 14.33-32 32v32c0 17.67 14.33 32 32 32h384c17.67 0 32-14.33 32-32v-32c0-17.67-14.33-32-32-32z\"><\/path><\/svg><\/span><span class=\"eael-accordion-tab-title\">Kompaktkurs mit Silke Mages:<\/span><\/div><div id=\"elementor-tab-content-1322\" class=\"eael-accordion-content clearfix\" data-tab=\"2\" aria-labelledby=\"kompaktkurs-mit-silke-mages\"><p><strong>Entspannung pflegen:<\/strong><\/p><p>ein Hatha-Yoga Kurs f\u00fcr <strong>pflegende An- und Zugeh\u00f6rige<\/strong><\/p><p><strong>Freitag, 06.03. von 15.30 Uhr \u2013 19.30 Uhr<\/strong> und<br \/><strong>Samstag, 07.03. von 09.30 Uhr \u2013 13.30 Uhr<\/strong><\/p><p>Der Kurs findet im wundersch\u00f6nen und gro\u00dfen Thevo-Raum in der<br \/>Siegfriedstr. 20 im 1. Stock statt und wird als Pr\u00e4ventionskurs von<br \/>deiner Krankenkasse bezuschusst.<\/p><p><strong>Anmeldung in unserem B\u00fcro; Euro 130,&#8211;<\/strong><\/p><\/div>\n\t\t\t\t\t<\/div><div class=\"eael-accordion-list\">\n\t\t\t\t\t<div id=\"yoga-ein-integraler-bungsweg-mit-andrea-recla\" class=\"elementor-tab-title eael-accordion-header\" tabindex=\"0\" data-tab=\"3\" aria-controls=\"elementor-tab-content-1323\"><span class=\"eael-advanced-accordion-icon-closed\"><svg aria-hidden=\"true\" class=\"fa-accordion-icon e-font-icon-svg e-fas-plus\" viewBox=\"0 0 448 512\" xmlns=\"http:\/\/www.w3.org\/2000\/svg\"><path d=\"M416 208H272V64c0-17.67-14.33-32-32-32h-32c-17.67 0-32 14.33-32 32v144H32c-17.67 0-32 14.33-32 32v32c0 17.67 14.33 32 32 32h144v144c0 17.67 14.33 32 32 32h32c17.67 0 32-14.33 32-32V304h144c17.67 0 32-14.33 32-32v-32c0-17.67-14.33-32-32-32z\"><\/path><\/svg><\/span><span class=\"eael-advanced-accordion-icon-opened\"><svg aria-hidden=\"true\" class=\"fa-accordion-icon e-font-icon-svg e-fas-minus\" viewBox=\"0 0 448 512\" xmlns=\"http:\/\/www.w3.org\/2000\/svg\"><path d=\"M416 208H32c-17.67 0-32 14.33-32 32v32c0 17.67 14.33 32 32 32h384c17.67 0 32-14.33 32-32v-32c0-17.67-14.33-32-32-32z\"><\/path><\/svg><\/span><span class=\"eael-accordion-tab-title\">Yoga, ein integraler \u00dcbungsweg  mit Andrea Recla<\/span><\/div><div id=\"elementor-tab-content-1323\" class=\"eael-accordion-content clearfix\" data-tab=\"3\" aria-labelledby=\"yoga-ein-integraler-bungsweg-mit-andrea-recla\"><p><strong>Yoga, ein integraler \u00dcbungsweg:<\/strong><br \/>Wir n\u00e4hern uns an diesem Wochenende den Ebenen K\u00f6rper, Atem und Geist, und verbinden in sp\u00fcrender Achtsamkeit diese 3 Ele-<br \/>mente zu einer ganzheitlichen \u00dcbungserfahrung.<br \/>Dabei lassen wir uns von einer sanften Asana Praxis sowie<br \/>Pranayama, dem T\u00f6nen, Geistbetrachtungen und Gehmeditation<br \/>begleiten.<\/p><p><strong>Teil 1:<\/strong> Samstag, 14.02. von 09.30 Uhr \u2013 13.00 Uhr<br \/><strong>Teil 2:<\/strong> Sonntag, 15.02. von 09.30 Uhr \u2013 13.00 Uhr<\/p><p><strong>Anmeldung in unserem B\u00fcro; Euro 105,&#8211;<\/strong><\/p><p><strong>Yoga f\u00fcr einen gesunden R\u00fccken, Schultern und Nacken<\/strong><\/p><p><strong>Samstag, 07.03. von 09.30 Uhr \u2013 13.00 Uhr<\/strong><br \/>Wir praktizieren mit kr\u00e4ftigenden und spannungsl\u00f6senden<br \/>Einheiten<\/p><p><strong>Anmeldung in unserem B\u00fcro; Euro 50,&#8211;<\/strong><\/p><\/div>\n\t\t\t\t\t<\/div><div class=\"eael-accordion-list\">\n\t\t\t\t\t<div id=\"seminarhaus-hfen-mit-ute-kaiser\" class=\"elementor-tab-title eael-accordion-header\" tabindex=\"0\" data-tab=\"4\" aria-controls=\"elementor-tab-content-1324\"><span class=\"eael-advanced-accordion-icon-closed\"><svg aria-hidden=\"true\" class=\"fa-accordion-icon e-font-icon-svg e-fas-plus\" viewBox=\"0 0 448 512\" xmlns=\"http:\/\/www.w3.org\/2000\/svg\"><path d=\"M416 208H272V64c0-17.67-14.33-32-32-32h-32c-17.67 0-32 14.33-32 32v144H32c-17.67 0-32 14.33-32 32v32c0 17.67 14.33 32 32 32h144v144c0 17.67 14.33 32 32 32h32c17.67 0 32-14.33 32-32V304h144c17.67 0 32-14.33 32-32v-32c0-17.67-14.33-32-32-32z\"><\/path><\/svg><\/span><span class=\"eael-advanced-accordion-icon-opened\"><svg aria-hidden=\"true\" class=\"fa-accordion-icon e-font-icon-svg e-fas-minus\" viewBox=\"0 0 448 512\" xmlns=\"http:\/\/www.w3.org\/2000\/svg\"><path d=\"M416 208H32c-17.67 0-32 14.33-32 32v32c0 17.67 14.33 32 32 32h384c17.67 0 32-14.33 32-32v-32c0-17.67-14.33-32-32-32z\"><\/path><\/svg><\/span><span class=\"eael-accordion-tab-title\">Seminarhaus H\u00f6fen mit Ute Kaiser<\/span><\/div><div id=\"elementor-tab-content-1324\" class=\"eael-accordion-content clearfix\" data-tab=\"4\" aria-labelledby=\"seminarhaus-hfen-mit-ute-kaiser\"><p>20.03. \u2013 22.03.26<br \/>30.04. \u2013 03.05.26<\/p><p><strong>Info und Anmeldung:\u00a0<a class=\"decorated-link cursor-pointer\" rel=\"noopener\">ude.kaiser@web.de<\/a><\/strong><\/p><\/div>\n\t\t\t\t\t<\/div><div class=\"eael-accordion-list\">\n\t\t\t\t\t<div id=\"yoga-in-tschechien-mit-ute-kaiser\" class=\"elementor-tab-title eael-accordion-header\" tabindex=\"0\" data-tab=\"5\" aria-controls=\"elementor-tab-content-1325\"><span class=\"eael-advanced-accordion-icon-closed\"><svg aria-hidden=\"true\" class=\"fa-accordion-icon e-font-icon-svg e-fas-plus\" viewBox=\"0 0 448 512\" xmlns=\"http:\/\/www.w3.org\/2000\/svg\"><path d=\"M416 208H272V64c0-17.67-14.33-32-32-32h-32c-17.67 0-32 14.33-32 32v144H32c-17.67 0-32 14.33-32 32v32c0 17.67 14.33 32 32 32h144v144c0 17.67 14.33 32 32 32h32c17.67 0 32-14.33 32-32V304h144c17.67 0 32-14.33 32-32v-32c0-17.67-14.33-32-32-32z\"><\/path><\/svg><\/span><span class=\"eael-advanced-accordion-icon-opened\"><svg aria-hidden=\"true\" class=\"fa-accordion-icon e-font-icon-svg e-fas-minus\" viewBox=\"0 0 448 512\" xmlns=\"http:\/\/www.w3.org\/2000\/svg\"><path d=\"M416 208H32c-17.67 0-32 14.33-32 32v32c0 17.67 14.33 32 32 32h384c17.67 0 32-14.33 32-32v-32c0-17.67-14.33-32-32-32z\"><\/path><\/svg><\/span><span class=\"eael-accordion-tab-title\">Yoga in Tschechien mit Ute Kaiser<\/span><\/div><div id=\"elementor-tab-content-1325\" class=\"eael-accordion-content clearfix\" data-tab=\"5\" aria-labelledby=\"yoga-in-tschechien-mit-ute-kaiser\"><p><strong>Tschechien<\/strong><\/p><p>01.06. \u2013 07.06.26<\/p><p><strong>Info und Anmeldung: <a class=\"decorated-link cursor-pointer\" rel=\"noopener\">ude.kaiser@web.de<\/a><\/strong><\/p><\/div>\n\t\t\t\t\t<\/div><\/div>\t\t\t\t<\/div>\n\t\t\t\t<\/div>\n\t\t<div class=\"elementor-element elementor-element-7de1afc e-con-full e-flex wpr-particle-no wpr-jarallax-no wpr-parallax-no wpr-sticky-section-no wpr-equal-height-no e-con e-parent\" data-id=\"7de1afc\" data-element_type=\"container\" data-e-type=\"container\">\n\t\t\t\t<div class=\"elementor-element elementor-element-07237ee elementor-widget elementor-widget-image\" data-id=\"07237ee\" data-element_type=\"widget\" data-e-type=\"widget\" data-widget_type=\"image.default\">\n\t\t\t\t\t\t\t\t\t\t\t\t\t\t\t<img fetchpriority=\"high\" decoding=\"async\" width=\"739\" height=\"1024\" src=\"http:\/\/xn--yogazentrum-nrnberg-ibc.de\/wp-content\/uploads\/2026\/01\/Jahresuebersicht2026_YZ-739x1024.jpg\" class=\"attachment-large size-large wp-image-2164\" alt=\"\" srcset=\"http:\/\/xn--yogazentrum-nrnberg-ibc.de\/wp-content\/uploads\/2026\/01\/Jahresuebersicht2026_YZ-739x1024.jpg 739w, http:\/\/xn--yogazentrum-nrnberg-ibc.de\/wp-content\/uploads\/2026\/01\/Jahresuebersicht2026_YZ-216x300.jpg 216w, http:\/\/xn--yogazentrum-nrnberg-ibc.de\/wp-content\/uploads\/2026\/01\/Jahresuebersicht2026_YZ-768x1065.jpg 768w, http:\/\/xn--yogazentrum-nrnberg-ibc.de\/wp-content\/uploads\/2026\/01\/Jahresuebersicht2026_YZ-1108x1536.jpg 1108w, http:\/\/xn--yogazentrum-nrnberg-ibc.de\/wp-content\/uploads\/2026\/01\/Jahresuebersicht2026_YZ-1477x2048.jpg 1477w, http:\/\/xn--yogazentrum-nrnberg-ibc.de\/wp-content\/uploads\/2026\/01\/Jahresuebersicht2026_YZ-scaled.jpg 1847w\" sizes=\"(max-width: 739px) 100vw, 739px\" \/>\t\t\t\t\t\t\t\t\t\t\t\t\t\t\t<\/div>\n\t\t\t\t<\/div>\n\t\t\t\t<\/div>\n\t\t","protected":false},"excerpt":{"rendered":"<p>Zusatzangebote im ersten Trimester 2026 Specials\/Ausblick in den Fr\u00fchling mit Silke Mages An folgenden Freitagen einmal im Monat um 18.00 \u2013 19.30 Uhrbiete ich dir an, regeneratives Yoga \/ Yin-Yoga auszuprobieren: 30.01., 27.02., 20.03. und 17.04. Bei Yin-Yoga werden die Haltungen l\u00e4nger und passiv gehalten, damit sich Muskeln und vor allem Faszien entspannen k\u00f6nnen. Wirnutzen Hilfsmittel damit die Haltungen wirklich passiv sein k\u00f6nnen.Jede und jeder ist herzlich willkommen, egal ob du schon Yoga \u00fcbst oder kletterst, wanderst, weniger oder mehr machst, \u00e4lter oder j\u00fcnger bist.. Anmeldung in unserem B\u00fcro; Euro 15,&#8211; pro Termin, die Events finden im Thevo-Raum, Siegfriedstr. 20 statt Kompaktkurs mit Silke Mages: Entspannung pflegen: ein Hatha-Yoga Kurs f\u00fcr pflegende An- und Zugeh\u00f6rige Freitag, 06.03. von 15.30 Uhr \u2013 19.30 Uhr undSamstag, 07.03. von 09.30 Uhr \u2013 13.30 Uhr Der Kurs findet im wundersch\u00f6nen und gro\u00dfen Thevo-Raum in derSiegfriedstr. 20 im 1. Stock statt und wird als Pr\u00e4ventionskurs vondeiner Krankenkasse bezuschusst. Anmeldung in unserem B\u00fcro; Euro 130,&#8211; Yoga, ein integraler \u00dcbungsweg mit Andrea Recla Yoga, ein integraler \u00dcbungsweg:Wir n\u00e4hern uns an diesem Wochenende den Ebenen K\u00f6rper, Atem und Geist, und verbinden in sp\u00fcrender Achtsamkeit diese 3 Ele-mente zu einer ganzheitlichen \u00dcbungserfahrung.Dabei lassen wir uns von einer sanften Asana Praxis sowiePranayama, dem T\u00f6nen, Geistbetrachtungen und Gehmeditationbegleiten. Teil 1: Samstag, 14.02. von 09.30 Uhr \u2013 13.00 UhrTeil 2: Sonntag, 15.02. von 09.30 Uhr \u2013 13.00 Uhr Anmeldung in unserem B\u00fcro; Euro 105,&#8211; Yoga f\u00fcr einen gesunden R\u00fccken, Schultern und Nacken Samstag, 07.03. von 09.30 Uhr \u2013 13.00 UhrWir praktizieren mit kr\u00e4ftigenden und spannungsl\u00f6sendenEinheiten Anmeldung in unserem B\u00fcro; Euro 50,&#8211; Seminarhaus H\u00f6fen mit Ute Kaiser 20.03. \u2013 22.03.2630.04. \u2013 03.05.26 Info und Anmeldung:\u00a0ude.kaiser@web.de Yoga in Tschechien mit Ute Kaiser Tschechien 01.06. \u2013 07.06.26 Info und Anmeldung: ude.kaiser@web.de<\/p>\n","protected":false},"author":1,"featured_media":0,"parent":0,"menu_order":0,"comment_status":"closed","ping_status":"closed","template":"","meta":{"site-sidebar-layout":"default","site-content-layout":"","ast-site-content-layout":"default","site-content-style":"default","site-sidebar-style":"default","ast-global-header-display":"","ast-banner-title-visibility":"","ast-main-header-display":"","ast-hfb-above-header-display":"","ast-hfb-below-header-display":"","ast-hfb-mobile-header-display":"","site-post-title":"disabled","ast-breadcrumbs-content":"","ast-featured-img":"","footer-sml-layout":"","theme-transparent-header-meta":"","adv-header-id-meta":"","stick-header-meta":"","header-above-stick-meta":"","header-main-stick-meta":"","header-below-stick-meta":"","astra-migrate-meta-layouts":"default","ast-page-background-enabled":"default","ast-page-background-meta":{"desktop":{"background-color":"var(--ast-global-color-5)","background-image":"","background-repeat":"repeat","background-position":"center center","background-size":"auto","background-attachment":"scroll","background-type":"","background-media":"","overlay-type":"","overlay-color":"","overlay-opacity":"","overlay-gradient":""},"tablet":{"background-color":"","background-image":"","background-repeat":"repeat","background-position":"center center","background-size":"auto","background-attachment":"scroll","background-type":"","background-media":"","overlay-type":"","overlay-color":"","overlay-opacity":"","overlay-gradient":""},"mobile":{"background-color":"","background-image":"","background-repeat":"repeat","background-position":"center center","background-size":"auto","background-attachment":"scroll","background-type":"","background-media":"","overlay-type":"","overlay-color":"","overlay-opacity":"","overlay-gradient":""}},"ast-content-background-meta":{"desktop":{"background-color":"var(--ast-global-color-4)","background-image":"","background-repeat":"repeat","background-position":"center center","background-size":"auto","background-attachment":"scroll","background-type":"","background-media":"","overlay-type":"","overlay-color":"","overlay-opacity":"","overlay-gradient":""},"tablet":{"background-color":"var(--ast-global-color-4)","background-image":"","background-repeat":"repeat","background-position":"center center","background-size":"auto","background-attachment":"scroll","background-type":"","background-media":"","overlay-type":"","overlay-color":"","overlay-opacity":"","overlay-gradient":""},"mobile":{"background-color":"var(--ast-global-color-4)","background-image":"","background-repeat":"repeat","background-position":"center center","background-size":"auto","background-attachment":"scroll","background-type":"","background-media":"","overlay-type":"","overlay-color":"","overlay-opacity":"","overlay-gradient":""}},"footnotes":""},"class_list":["post-57","page","type-page","status-publish","hentry"],"_links":{"self":[{"href":"http:\/\/xn--yogazentrum-nrnberg-ibc.de\/index.php?rest_route=\/wp\/v2\/pages\/57","targetHints":{"allow":["GET"]}}],"collection":[{"href":"http:\/\/xn--yogazentrum-nrnberg-ibc.de\/index.php?rest_route=\/wp\/v2\/pages"}],"about":[{"href":"http:\/\/xn--yogazentrum-nrnberg-ibc.de\/index.php?rest_route=\/wp\/v2\/types\/page"}],"author":[{"embeddable":true,"href":"http:\/\/xn--yogazentrum-nrnberg-ibc.de\/index.php?rest_route=\/wp\/v2\/users\/1"}],"replies":[{"embeddable":true,"href":"http:\/\/xn--yogazentrum-nrnberg-ibc.de\/index.php?rest_route=%2Fwp%2Fv2%2Fcomments&post=57"}],"version-history":[{"count":96,"href":"http:\/\/xn--yogazentrum-nrnberg-ibc.de\/index.php?rest_route=\/wp\/v2\/pages\/57\/revisions"}],"predecessor-version":[{"id":2191,"href":"http:\/\/xn--yogazentrum-nrnberg-ibc.de\/index.php?rest_route=\/wp\/v2\/pages\/57\/revisions\/2191"}],"wp:attachment":[{"href":"http:\/\/xn--yogazentrum-nrnberg-ibc.de\/index.php?rest_route=%2Fwp%2Fv2%2Fmedia&parent=57"}],"curies":[{"name":"wp","href":"https:\/\/api.w.org\/{rel}","templated":true}]}}