{"id":543,"date":"2026-02-10T08:43:34","date_gmt":"2026-02-10T08:43:34","guid":{"rendered":"http:\/\/xn--yogazentrum-nrnberg-ibc.de\/?page_id=543"},"modified":"2026-02-10T08:48:33","modified_gmt":"2026-02-10T08:48:33","slug":"yogalehrer-ausbildung","status":"publish","type":"page","link":"http:\/\/xn--yogazentrum-nrnberg-ibc.de\/?page_id=543","title":{"rendered":"Yogalehrer\/innen Ausbildung"},"content":{"rendered":"<div class=\"page\" title=\"Page 1\">\n<div class=\"layoutArea\">\n<div class=\"column\">\n<p>Unsere Ausbildungs-Empfehlungen:<\/p>\n<h4><strong>Yogalehrer\/innen Ausbildung BDYoga<\/strong><\/h4>\n<p>Infos und Anmeldung:\u00a0<strong>Sabine Rosenlehner<\/strong><\/p>\n<p>Tel. 0176 \/ 34304279<br \/><a href=\"mailto:sabine.rosenlehner@wuenricht.de\">sabine.rosenlehner@wuenricht.de<\/a><br \/><a href=\"http:\/\/www.wuenricht.de\">www.wuenricht.de<\/a><\/p>\n<\/div>\n<\/div>\n<\/div>\n\n\n<p>BDYoga <strong><a href=\"https:\/\/www.yoga.de\">www.yoga.de<\/a><\/strong><\/p>\n\n\n\n<p><strong>Ausbildung zur Yogalehrer*in:<\/strong><\/p>\n\n\n\n<p> Vij\u00f1\u0101na Yoga Studio M\u00fcnchen<\/p>\n\n\n\n<p> <a href=\"https:\/\/www.vijnanayoga.de\/yogalehrer-ausbildung\/\" target=\"_blank\" rel=\"noreferrer noopener\">https:\/\/www.vijnanayoga.de\/yogalehrer-ausbildung\/<\/a><br><\/p>\n","protected":false},"excerpt":{"rendered":"<p>Unsere Ausbildungs-Empfehlungen: Yogalehrer\/innen Ausbildung BDYoga Infos und Anmeldung:\u00a0Sabine Rosenlehner Tel. 0176 \/ 34304279sabine.rosenlehner@wuenricht.dewww.wuenricht.de BDYoga www.yoga.de Ausbildung zur Yogalehrer*in: Vij\u00f1\u0101na Yoga Studio M\u00fcnchen https:\/\/www.vijnanayoga.de\/yogalehrer-ausbildung\/<\/p>\n","protected":false},"author":1,"featured_media":0,"parent":0,"menu_order":0,"comment_status":"closed","ping_status":"closed","template":"","meta":{"site-sidebar-layout":"default","site-content-layout":"","ast-site-content-layout":"default","site-content-style":"default","site-sidebar-style":"default","ast-global-header-display":"","ast-banner-title-visibility":"","ast-main-header-display":"","ast-hfb-above-header-display":"","ast-hfb-below-header-display":"","ast-hfb-mobile-header-display":"","site-post-title":"","ast-breadcrumbs-content":"","ast-featured-img":"","footer-sml-layout":"","theme-transparent-header-meta":"","adv-header-id-meta":"","stick-header-meta":"","header-above-stick-meta":"","header-main-stick-meta":"","header-below-stick-meta":"","astra-migrate-meta-layouts":"default","ast-page-background-enabled":"default","ast-page-background-meta":{"desktop":{"background-color":"var(--ast-global-color-5)","background-image":"","background-repeat":"repeat","background-position":"center center","background-size":"auto","background-attachment":"scroll","background-type":"","background-media":"","overlay-type":"","overlay-color":"","overlay-opacity":"","overlay-gradient":""},"tablet":{"background-color":"","background-image":"","background-repeat":"repeat","background-position":"center center","background-size":"auto","background-attachment":"scroll","background-type":"","background-media":"","overlay-type":"","overlay-color":"","overlay-opacity":"","overlay-gradient":""},"mobile":{"background-color":"","background-image":"","background-repeat":"repeat","background-position":"center center","background-size":"auto","background-attachment":"scroll","background-type":"","background-media":"","overlay-type":"","overlay-color":"","overlay-opacity":"","overlay-gradient":""}},"ast-content-background-meta":{"desktop":{"background-color":"var(--ast-global-color-4)","background-image":"","background-repeat":"repeat","background-position":"center center","background-size":"auto","background-attachment":"scroll","background-type":"","background-media":"","overlay-type":"","overlay-color":"","overlay-opacity":"","overlay-gradient":""},"tablet":{"background-color":"var(--ast-global-color-4)","background-image":"","background-repeat":"repeat","background-position":"center center","background-size":"auto","background-attachment":"scroll","background-type":"","background-media":"","overlay-type":"","overlay-color":"","overlay-opacity":"","overlay-gradient":""},"mobile":{"background-color":"var(--ast-global-color-4)","background-image":"","background-repeat":"repeat","background-position":"center center","background-size":"auto","background-attachment":"scroll","background-type":"","background-media":"","overlay-type":"","overlay-color":"","overlay-opacity":"","overlay-gradient":""}},"footnotes":""},"class_list":["post-543","page","type-page","status-publish","hentry"],"_links":{"self":[{"href":"http:\/\/xn--yogazentrum-nrnberg-ibc.de\/index.php?rest_route=\/wp\/v2\/pages\/543","targetHints":{"allow":["GET"]}}],"collection":[{"href":"http:\/\/xn--yogazentrum-nrnberg-ibc.de\/index.php?rest_route=\/wp\/v2\/pages"}],"about":[{"href":"http:\/\/xn--yogazentrum-nrnberg-ibc.de\/index.php?rest_route=\/wp\/v2\/types\/page"}],"author":[{"embeddable":true,"href":"http:\/\/xn--yogazentrum-nrnberg-ibc.de\/index.php?rest_route=\/wp\/v2\/users\/1"}],"replies":[{"embeddable":true,"href":"http:\/\/xn--yogazentrum-nrnberg-ibc.de\/index.php?rest_route=%2Fwp%2Fv2%2Fcomments&post=543"}],"version-history":[{"count":23,"href":"http:\/\/xn--yogazentrum-nrnberg-ibc.de\/index.php?rest_route=\/wp\/v2\/pages\/543\/revisions"}],"predecessor-version":[{"id":2196,"href":"http:\/\/xn--yogazentrum-nrnberg-ibc.de\/index.php?rest_route=\/wp\/v2\/pages\/543\/revisions\/2196"}],"wp:attachment":[{"href":"http:\/\/xn--yogazentrum-nrnberg-ibc.de\/index.php?rest_route=%2Fwp%2Fv2%2Fmedia&parent=543"}],"curies":[{"name":"wp","href":"https:\/\/api.w.org\/{rel}","templated":true}]}}