{"id":224,"date":"2017-11-16T12:55:12","date_gmt":"2017-11-16T12:55:12","guid":{"rendered":"http:\/\/xn--yogazentrum-nrnberg-ibc.de\/?page_id=224"},"modified":"2020-10-26T09:58:16","modified_gmt":"2020-10-26T09:58:16","slug":"hans-vogel","status":"publish","type":"page","link":"http:\/\/xn--yogazentrum-nrnberg-ibc.de\/?page_id=224","title":{"rendered":"Hans Vogel"},"content":{"rendered":"<p>Yogalehrer<img decoding=\"async\" class=\"alignnone size-full wp-image-225 alignright\" src=\"http:\/\/xn--yogazentrum-nrnberg-ibc.de\/wp-content\/uploads\/2017\/11\/hans.jpg\" alt=\"\" width=\"126\" height=\"168\" \/><\/p>\n<h4>Pers\u00f6nliches<\/h4>\n<ul>\n<li>Jahrgang 1952<\/li>\n<li>verheiratet<\/li>\n<li>zwei erwachsene Kinder<\/li>\n<\/ul>\n<h4>Beruf\/ Ausbildung<\/h4>\n<ul>\n<li>Fotograf<\/li>\n<li>Gesundheitspfleger<\/li>\n<li>Yogapraxis seit 1973<\/li>\n<li>Yogalehrerausbildung (1975\/ 1976) in Indien am \u201eThe Yoga Institute\u201c, Mumbai, bei Sri Yogendra und Dr. Jayadeva Yogendra und bei Gerhard Unger<\/li>\n<li>seit 1976 als Yogalehrer t\u00e4tig<\/li>\n<li>Gr\u00fcndungsmitglied des Yogazentrums N\u00fcrnberg<\/li>\n<li>Grundlagenausbildung in psychotherapeutischem Handeln und Focusing bei Dr. Rolf Grigat<\/li>\n<li>Qi Gong Training bei Dr. J. Z\u00f6ller und Zhi Zhang Li<\/li>\n<li>Seit 1991 Sch\u00fcler des Dzogchen-Meisters Ch\u00f6gyal Namkhai Norbu Rinpoche<\/li>\n<li>Au\u00dferdem leite ich gemeinsam mit meiner Frau das Yoga-Retreat-Haus in H\u00f6fen.<\/li>\n<\/ul>\n<h4>Yogaunterricht<\/h4>\n<p>Mein Yogaunterricht ist ganzheitlich und beinhaltet dynamische und statische K\u00f6rper\u00fcbungen, Atem- und Energie\u00fcbungen, Geistestraining (Achtsamkeits\u00ad\u00fcbungen, Meditationen) sowie Anleitung zu Selbsterfahrungsprozessen.<br \/>\nGrundlage meines Unterrichts ist der achtgliedrige Pfad des Patanjali, zudem Sichtweisen und \u00dcbungen aus dem Tantra. Wichtig ist mir auch die Integration der spirituellen \u00dcbung und Erfahrung in unseren Alltag.<\/p>\n","protected":false},"excerpt":{"rendered":"<p>Yogalehrer Pers\u00f6nliches Jahrgang 1952 verheiratet zwei erwachsene Kinder Beruf\/ Ausbildung Fotograf Gesundheitspfleger Yogapraxis seit 1973 Yogalehrerausbildung (1975\/ 1976) in Indien am \u201eThe Yoga Institute\u201c, Mumbai, bei Sri Yogendra und Dr. Jayadeva Yogendra und bei Gerhard Unger seit 1976 als Yogalehrer t\u00e4tig Gr\u00fcndungsmitglied des Yogazentrums N\u00fcrnberg Grundlagenausbildung in psychotherapeutischem Handeln und Focusing bei Dr. Rolf Grigat Qi Gong Training bei Dr. J. Z\u00f6ller und Zhi Zhang Li Seit 1991 Sch\u00fcler des Dzogchen-Meisters Ch\u00f6gyal Namkhai Norbu Rinpoche Au\u00dferdem leite ich gemeinsam mit meiner Frau das Yoga-Retreat-Haus in H\u00f6fen. Yogaunterricht Mein Yogaunterricht ist ganzheitlich und beinhaltet dynamische und statische K\u00f6rper\u00fcbungen, Atem- und Energie\u00fcbungen, Geistestraining (Achtsamkeits\u00ad\u00fcbungen, Meditationen) sowie Anleitung zu Selbsterfahrungsprozessen. Grundlage meines Unterrichts ist der achtgliedrige Pfad des Patanjali, zudem Sichtweisen und \u00dcbungen aus dem Tantra. Wichtig ist mir auch die Integration der spirituellen \u00dcbung und Erfahrung in unseren Alltag.<\/p>\n","protected":false},"author":1,"featured_media":0,"parent":195,"menu_order":0,"comment_status":"closed","ping_status":"closed","template":"","meta":{"site-sidebar-layout":"default","site-content-layout":"","ast-site-content-layout":"default","site-content-style":"default","site-sidebar-style":"default","ast-global-header-display":"","ast-banner-title-visibility":"","ast-main-header-display":"","ast-hfb-above-header-display":"","ast-hfb-below-header-display":"","ast-hfb-mobile-header-display":"","site-post-title":"","ast-breadcrumbs-content":"","ast-featured-img":"","footer-sml-layout":"","theme-transparent-header-meta":"","adv-header-id-meta":"","stick-header-meta":"","header-above-stick-meta":"","header-main-stick-meta":"","header-below-stick-meta":"","astra-migrate-meta-layouts":"default","ast-page-background-enabled":"default","ast-page-background-meta":{"desktop":{"background-color":"var(--ast-global-color-5)","background-image":"","background-repeat":"repeat","background-position":"center center","background-size":"auto","background-attachment":"scroll","background-type":"","background-media":"","overlay-type":"","overlay-color":"","overlay-opacity":"","overlay-gradient":""},"tablet":{"background-color":"","background-image":"","background-repeat":"repeat","background-position":"center center","background-size":"auto","background-attachment":"scroll","background-type":"","background-media":"","overlay-type":"","overlay-color":"","overlay-opacity":"","overlay-gradient":""},"mobile":{"background-color":"","background-image":"","background-repeat":"repeat","background-position":"center center","background-size":"auto","background-attachment":"scroll","background-type":"","background-media":"","overlay-type":"","overlay-color":"","overlay-opacity":"","overlay-gradient":""}},"ast-content-background-meta":{"desktop":{"background-color":"var(--ast-global-color-4)","background-image":"","background-repeat":"repeat","background-position":"center center","background-size":"auto","background-attachment":"scroll","background-type":"","background-media":"","overlay-type":"","overlay-color":"","overlay-opacity":"","overlay-gradient":""},"tablet":{"background-color":"var(--ast-global-color-4)","background-image":"","background-repeat":"repeat","background-position":"center center","background-size":"auto","background-attachment":"scroll","background-type":"","background-media":"","overlay-type":"","overlay-color":"","overlay-opacity":"","overlay-gradient":""},"mobile":{"background-color":"var(--ast-global-color-4)","background-image":"","background-repeat":"repeat","background-position":"center center","background-size":"auto","background-attachment":"scroll","background-type":"","background-media":"","overlay-type":"","overlay-color":"","overlay-opacity":"","overlay-gradient":""}},"footnotes":""},"class_list":["post-224","page","type-page","status-publish","hentry"],"_links":{"self":[{"href":"http:\/\/xn--yogazentrum-nrnberg-ibc.de\/index.php?rest_route=\/wp\/v2\/pages\/224","targetHints":{"allow":["GET"]}}],"collection":[{"href":"http:\/\/xn--yogazentrum-nrnberg-ibc.de\/index.php?rest_route=\/wp\/v2\/pages"}],"about":[{"href":"http:\/\/xn--yogazentrum-nrnberg-ibc.de\/index.php?rest_route=\/wp\/v2\/types\/page"}],"author":[{"embeddable":true,"href":"http:\/\/xn--yogazentrum-nrnberg-ibc.de\/index.php?rest_route=\/wp\/v2\/users\/1"}],"replies":[{"embeddable":true,"href":"http:\/\/xn--yogazentrum-nrnberg-ibc.de\/index.php?rest_route=%2Fwp%2Fv2%2Fcomments&post=224"}],"version-history":[{"count":6,"href":"http:\/\/xn--yogazentrum-nrnberg-ibc.de\/index.php?rest_route=\/wp\/v2\/pages\/224\/revisions"}],"predecessor-version":[{"id":1001,"href":"http:\/\/xn--yogazentrum-nrnberg-ibc.de\/index.php?rest_route=\/wp\/v2\/pages\/224\/revisions\/1001"}],"up":[{"embeddable":true,"href":"http:\/\/xn--yogazentrum-nrnberg-ibc.de\/index.php?rest_route=\/wp\/v2\/pages\/195"}],"wp:attachment":[{"href":"http:\/\/xn--yogazentrum-nrnberg-ibc.de\/index.php?rest_route=%2Fwp%2Fv2%2Fmedia&parent=224"}],"curies":[{"name":"wp","href":"https:\/\/api.w.org\/{rel}","templated":true}]}}